{"id":3371,"date":"2025-01-08T14:51:52","date_gmt":"2025-01-08T14:51:52","guid":{"rendered":"https:\/\/miepan.org\/es\/?page_id=3371"},"modified":"2025-01-21T04:23:09","modified_gmt":"2025-01-21T04:23:09","slug":"3371-2","status":"publish","type":"page","link":"https:\/\/miepan.org\/es\/3371-2\/","title":{"rendered":"Entrevistas con nuestro equipo"},"content":{"rendered":"<p>[vc_row][vc_column][vc_hoverbox image=\u00bb3345&#8243; primary_title=\u00bbENTREVISTAS 2024&#8243; primary_title_font_container=\u00bbcolor:%23ffffff\u00bb primary_title_google_fonts=\u00bbfont_family:Montserrat%3Aregular%2C700|font_style:700%20bold%20regular%3A700%3Anormal\u00bb hover_title=\u00bb\u00bb use_custom_fonts_primary_title=\u00bbtrue\u00bb]<\/p>\n<h4>Te presentamos las entrevistas m\u00e1s relevantes del a\u00f1o 2024. Todas estas realizadas por el equipo de<strong> Comunicaciones MIEPAN.<\/strong><\/h4>\n<p>[\/vc_hoverbox][\/vc_column][\/vc_row][vc_row][vc_column][vc_column_text css=\u00bb.vc_custom_1737432536044{margin-bottom: -1px !important;border-bottom-width: -1px !important;padding-bottom: -1px !important;}\u00bb]<\/p>\n<h3>Esta fue la primera cruzada en nuestra llegada al pa\u00eds de Guatemala. Nuestro pastor Matthew Cross nos platica un poco acerca de esto:<\/h3>\n<p>[\/vc_column_text][vc_raw_html]JTNDZGl2JTIwY2xhc3MlM0QlMjJyZXNwb25zaXZlLWlmcmFtZS1jb250YWluZXIlMjIlM0UlMEElM0NpZnJhbWUlMjBzcmMlM0QlMjJodHRwcyUzQSUyRiUyRnd3dy5mYWNlYm9vay5jb20lMkZwbHVnaW5zJTJGdmlkZW8ucGhwJTNGaGVpZ2h0JTNEMzE0JTI2aHJlZiUzRGh0dHBzJTI1M0ElMjUyRiUyNTJGd3d3LmZhY2Vib29rLmNvbSUyNTJGbWllcGFuJTI1MkZ2aWRlb3MlMjUyRjEzOTE1ODA4MTg5MjQwNDUlMjUyRiUyNnNob3dfdGV4dCUzRGZhbHNlJTI2d2lkdGglM0Q1NjAlMjZ0JTNEMCUyMiUyMCUyMHN0eWxlJTNEJTIyYm9yZGVyJTNBbm9uZSUzQm92ZXJmbG93JTNBaGlkZGVuJTIyJTIwc2Nyb2xsaW5nJTNEJTIybm8lMjIlMjBmcmFtZWJvcmRlciUzRCUyMjAlMjIlMjBhbGxvd2Z1bGxzY3JlZW4lM0QlMjJ0cnVlJTIyJTIwYWxsb3clM0QlMjJhdXRvcGxheSUzQiUyMGNsaXBib2FyZC13cml0ZSUzQiUyMGVuY3J5cHRlZC1tZWRpYSUzQiUyMHBpY3R1cmUtaW4tcGljdHVyZSUzQiUyMHdlYi1zaGFyZSUyMiUyMGFsbG93RnVsbFNjcmVlbiUzRCUyMnRydWUlMjIlM0UlM0MlMkZpZnJhbWUlM0UlMEElM0MlMkZkaXYlM0U=[\/vc_raw_html][\/vc_column][\/vc_row][vc_row][vc_column width=\u00bb1\/2&#8243;][vc_column_text css=\u00bb.vc_custom_1736354532530{margin-bottom: -1px !important;border-bottom-width: -1px !important;padding-bottom: -1px !important;}\u00bb]\u00a1Pastor de j\u00f3venes Erick Lazo, nos comenta m\u00e1s sobre el trabajo evangel\u00edstico con la\u00a0<span class=\"html-span xdj266r x11i5rnm xat24cr x1mh8g0r xexx8yu x4uap5 x18d9i69 xkhd6sd x1hl2dhg x16tdsg8 x1vvkbs\">Juventud Elim<\/span>! <span class=\"html-span xexx8yu x4uap5 x18d9i69 xkhd6sd x1hl2dhg x16tdsg8 x1vvkbs x3nfvp2 x1j61x8r x1fcty0u xdj266r xat24cr xgzva0m xhhsvwb xxymvpz xlup9mm x1kky2od\"><img loading=\"lazy\" decoding=\"async\" class=\"xz74otr\" src=\"https:\/\/static.xx.fbcdn.net\/images\/emoji.php\/v9\/tfe\/1\/16\/1f44f.png\" alt=\"\" width=\"16\" height=\"16\" \/><\/span><span class=\"html-span xexx8yu x4uap5 x18d9i69 xkhd6sd x1hl2dhg x16tdsg8 x1vvkbs x3nfvp2 x1j61x8r x1fcty0u xdj266r xat24cr xgzva0m xhhsvwb xxymvpz xlup9mm x1kky2od\"><img loading=\"lazy\" decoding=\"async\" class=\"xz74otr\" src=\"https:\/\/static.xx.fbcdn.net\/images\/emoji.php\/v9\/tfd\/1\/16\/1f64c.png\" alt=\"\" width=\"16\" height=\"16\" \/><\/span><\/p>\n<p>[\/vc_column_text][vc_raw_html]JTNDZGl2JTIwY2xhc3MlM0QlMjJyZXNwb25zaXZlLWlmcmFtZS1jb250YWluZXIlMjIlM0UlMEElMjAlMjAlM0NpZnJhbWUlMjBzcmMlM0QlMjJodHRwcyUzQSUyRiUyRnd3dy5mYWNlYm9vay5jb20lMkZwbHVnaW5zJTJGdmlkZW8ucGhwJTNGaGVpZ2h0JTNEMzE0JTI2aHJlZiUzRGh0dHBzJTI1M0ElMjUyRiUyNTJGd3d3LmZhY2Vib29rLmNvbSUyNTJGbWllcGFuJTI1MkZ2aWRlb3MlMjUyRjI2OTc2MDMwNDM3Njk4MDklMjUyRiUyNnNob3dfdGV4dCUzRGZhbHNlJTI2d2lkdGglM0Q1NjAlMjZ0JTNEMCUyMiUyMCUwQSUyMCUyMCUyMCUyMHN0eWxlJTNEJTIyYm9yZGVyJTNBbm9uZSUzQm92ZXJmbG93JTNBaGlkZGVuJTIyJTIwJTBBJTIwJTIwJTIwJTIwc2Nyb2xsaW5nJTNEJTIybm8lMjIlMjAlMEElMjAlMjAlMjAlMjBmcmFtZWJvcmRlciUzRCUyMjAlMjIlMjAlMEElMjAlMjAlMjAlMjBhbGxvd2Z1bGxzY3JlZW4lM0QlMjJ0cnVlJTIyJTIwJTBBJTIwJTIwJTIwJTIwYWxsb3clM0QlMjJhdXRvcGxheSUzQiUyMGNsaXBib2FyZC13cml0ZSUzQiUyMGVuY3J5cHRlZC1tZWRpYSUzQiUyMHBpY3R1cmUtaW4tcGljdHVyZSUzQiUyMHdlYi1zaGFyZSUyMiUzRSUwQSUyMCUyMCUzQyUyRmlmcmFtZSUzRSUwQSUzQyUyRmRpdiUzRSUwQQ==[\/vc_raw_html][\/vc_column][vc_column width=\u00bb1\/2&#8243;][vc_column_text css=\u00bb.vc_custom_1736354525802{margin-bottom: -1px !important;border-bottom-width: -1px !important;padding-bottom: -1px !important;}\u00bb]Conversamos con el hermano Elmer Chac\u00f3n sobre temas muy importantes en la actualidad.<\/p>\n<p>[\/vc_column_text][vc_raw_html]JTNDZGl2JTIwY2xhc3MlM0QlMjJyZXNwb25zaXZlLWlmcmFtZS1jb250YWluZXIlMjIlM0UlMEElMjAlMjAlM0NpZnJhbWUlMjBzcmMlM0QlMjJodHRwcyUzQSUyRiUyRnd3dy5mYWNlYm9vay5jb20lMkZwbHVnaW5zJTJGdmlkZW8ucGhwJTNGaGVpZ2h0JTNEMzE0JTI2aHJlZiUzRGh0dHBzJTI1M0ElMjUyRiUyNTJGd3d3LmZhY2Vib29rLmNvbSUyNTJGbWllcGFuJTI1MkZ2aWRlb3MlMjUyRjEyMzcwODk0MTc1NjY1NDclMjUyRiUyNnNob3dfdGV4dCUzRGZhbHNlJTI2d2lkdGglM0Q1NjAlMjZ0JTNEMCUyMiUyMCUwQXN0eWxlJTNEJTIyYm9yZGVyJTNBbm9uZSUzQm92ZXJmbG93JTNBaGlkZGVuJTIyJTBBc2Nyb2xsaW5nJTNEJTIybm8lMjIlMEFmcmFtZWJvcmRlciUzRCUyMjAlMjIlMEFhbGxvd2Z1bGxzY3JlZW4lM0QlMjJ0cnVlJTBBYWxsb3clM0QlMjJhdXRvcGxheSUzQiUyMGNsaXBib2FyZC13cml0ZSUzQiUyMGVuY3J5cHRlZC1tZWRpYSUzQiUyMHBpY3R1cmUtaW4tcGljdHVyZSUzQiUyMHdlYi1zaGFyZSUyMiUyMGFsbG93RnVsbFNjcmVlbiUzRCUyMnRydWUlMjIlM0UlM0MlMkZpZnJhbWUlM0UlMEElM0MlMkZkaXYlM0U=[\/vc_raw_html][\/vc_column][\/vc_row][vc_row][vc_column][\/vc_column][\/vc_row][vc_row][vc_column][vc_column_text css=\u00bb.vc_custom_1736354775783{margin-bottom: -1px !important;border-bottom-width: -1px !important;padding-bottom: -1px !important;}\u00bb]<\/p>\n<h3>Pastor <strong><span class=\"html-span xdj266r x11i5rnm xat24cr x1mh8g0r xexx8yu x4uap5 x18d9i69 xkhd6sd x1hl2dhg x16tdsg8 x1vvkbs\">Otto Morales<\/span><\/strong>\u00a0presidente de la asociaci\u00f3n de pastores en Gual\u00e1n, Guatemala.\u00a0<span class=\"html-span xexx8yu x4uap5 x18d9i69 xkhd6sd x1hl2dhg x16tdsg8 x1vvkbs x3nfvp2 x1j61x8r x1fcty0u xdj266r xat24cr xgzva0m xhhsvwb xxymvpz xlup9mm x1kky2od\"><img loading=\"lazy\" decoding=\"async\" class=\"xz74otr\" src=\"https:\/\/static.xx.fbcdn.net\/images\/emoji.php\/v9\/tfd\/1\/16\/1f64c.png\" alt=\"\" width=\"16\" height=\"16\" \/><\/span><\/h3>\n<p>[\/vc_column_text][vc_raw_html]JTNDZGl2JTIwY2xhc3MlM0QlMjJyZXNwb25zaXZlLWlmcmFtZS1jb250YWluZXIlMjIlM0UlMEElMjAlMjAlM0NpZnJhbWUlMjBzcmMlM0QlMjJodHRwcyUzQSUyRiUyRnd3dy5mYWNlYm9vay5jb20lMkZwbHVnaW5zJTJGdmlkZW8ucGhwJTNGaGVpZ2h0JTNEMzE0JTI2aHJlZiUzRGh0dHBzJTI1M0ElMjUyRiUyNTJGd3d3LmZhY2Vib29rLmNvbSUyNTJGbWllcGFuJTI1MkZ2aWRlb3MlMjUyRjEwMTkyODA5MDM1NjcyNDclMjUyRiUyNnNob3dfdGV4dCUzRGZhbHNlJTI2d2lkdGglM0Q1NjAlMjZ0JTNEMCUyMiUyMHN0eWxlJTNEJTIyYm9yZGVyJTNBbm9uZSUzQm92ZXJmbG93JTNBaGlkZGVuJTIyJTIwc2Nyb2xsaW5nJTNEJTIybm8lMjIlMjBmcmFtZWJvcmRlciUzRCUyMjAlMjIlMjBhbGxvd2Z1bGxzY3JlZW4lM0QlMjJ0cnVlJTIyJTIwYWxsb3clM0QlMjJhdXRvcGxheSUzQiUyMGNsaXBib2FyZC13cml0ZSUzQiUyMGVuY3J5cHRlZC1tZWRpYSUzQiUyMHBpY3R1cmUtaW4tcGljdHVyZSUzQiUyMHdlYi1zaGFyZSUyMiUyMGFsbG93RnVsbFNjcmVlbiUzRCUyMnRydWUlMjIlM0UlM0MlMkZpZnJhbWUlM0UlMEElM0MlMkZkaXYlM0U=[\/vc_raw_html][\/vc_column][\/vc_row][vc_row][vc_column width=\u00bb1\/2&#8243;][vc_column_text css=\u00bb.vc_custom_1736354968674{margin-bottom: -1px !important;border-bottom-width: -1px !important;padding-bottom: -1px !important;}\u00bb]Conversamos con el pastor Cesar Ram\u00edrez de la iglesia Asambleas de Dios, Gual\u00e1n, Col. Mofang, Guatemala.\u00a0<span class=\"html-span xexx8yu x4uap5 x18d9i69 xkhd6sd x1hl2dhg x16tdsg8 x1vvkbs x3nfvp2 x1j61x8r x1fcty0u xdj266r xat24cr xgzva0m xhhsvwb xxymvpz xlup9mm x1kky2od\"><img loading=\"lazy\" decoding=\"async\" class=\"xz74otr\" src=\"https:\/\/static.xx.fbcdn.net\/images\/emoji.php\/v9\/tfd\/1\/16\/1f64c.png\" alt=\"\" width=\"16\" height=\"16\" \/><\/span>[\/vc_column_text][vc_raw_html]JTNDZGl2JTIwY2xhc3MlM0QlMjJyZXNwb25zaXZlLWlmcmFtZS1jb250YWluZXIlMjIlM0UlMEElMjAlMjAlM0NpZnJhbWUlMjBzcmMlM0QlMjJodHRwcyUzQSUyRiUyRnd3dy5mYWNlYm9vay5jb20lMkZwbHVnaW5zJTJGdmlkZW8ucGhwJTNGaGVpZ2h0JTNEMzE0JTI2aHJlZiUzRGh0dHBzJTI1M0ElMjUyRiUyNTJGd3d3LmZhY2Vib29rLmNvbSUyNTJGbWllcGFuJTI1MkZ2aWRlb3MlMjUyRjE1Mzg1NDQ2NzY3OTY3OTElMjUyRiUyNnNob3dfdGV4dCUzRGZhbHNlJTI2d2lkdGglM0Q1NjAlMjZ0JTNEMCUyMiUyMHN0eWxlJTNEJTIyYm9yZGVyJTNBbm9uZSUzQm92ZXJmbG93JTNBaGlkZGVuJTIyJTIwc2Nyb2xsaW5nJTNEJTIybm8lMjIlMjBmcmFtZWJvcmRlciUzRCUyMjAlMjIlMjBhbGxvd2Z1bGxzY3JlZW4lM0QlMjJ0cnVlJTIyJTIwYWxsb3clM0QlMjJhdXRvcGxheSUzQiUyMGNsaXBib2FyZC13cml0ZSUzQiUyMGVuY3J5cHRlZC1tZWRpYSUzQiUyMHBpY3R1cmUtaW4tcGljdHVyZSUzQiUyMHdlYi1zaGFyZSUyMiUyMGFsbG93RnVsbFNjcmVlbiUzRCUyMnRydWUlMjIlM0UlM0MlMkZpZnJhbWUlM0UlMEElM0MlMkZkaXYlM0UlMEE=[\/vc_raw_html][\/vc_column][vc_column width=\u00bb1\/2&#8243;][vc_column_text css=\u00bb.vc_custom_1736355074878{margin-bottom: -1px !important;border-bottom-width: -1px !important;padding-bottom: -1px !important;}\u00bb]Conversamos tambi\u00e9n con el pastor Romilio Chac\u00f3n, fundador de las iglesias La Voz de Dios en Guatemala.[\/vc_column_text][vc_raw_html]JTNDZGl2JTIwY2xhc3MlM0QlMjJyZXNwb25zaXZlLWlmcmFtZS1jb250YWluZXIlMjIlM0UlMEElMjAlMjAlM0NpZnJhbWUlMjBzcmMlM0QlMjJodHRwcyUzQSUyRiUyRnd3dy5mYWNlYm9vay5jb20lMkZwbHVnaW5zJTJGdmlkZW8ucGhwJTNGaGVpZ2h0JTNEMzE0JTI2aHJlZiUzRGh0dHBzJTI1M0ElMjUyRiUyNTJGd3d3LmZhY2Vib29rLmNvbSUyNTJGbWllcGFuJTI1MkZ2aWRlb3MlMjUyRjEwMDc2ODU0MTgwNDI5MTQlMjUyRiUyNnNob3dfdGV4dCUzRGZhbHNlJTI2d2lkdGglM0Q1NjAlMjZ0JTNEMCUyMnN0eWxlJTNEJTIyYm9yZGVyJTNBbm9uZSUzQm92ZXJmbG93JTNBaGlkZGVuJTIyJTIwc2Nyb2xsaW5nJTNEJTIybm8lMjIlMjBmcmFtZWJvcmRlciUzRCUyMjAlMjIlMjBhbGxvd2Z1bGxzY3JlZW4lM0QlMjJ0cnVlJTIyJTIwYWxsb3clM0QlMjJhdXRvcGxheSUzQiUyMGNsaXBib2FyZC13cml0ZSUzQiUyMGVuY3J5cHRlZC1tZWRpYSUzQiUyMHBpY3R1cmUtaW4tcGljdHVyZSUzQiUyMHdlYi1zaGFyZSUyMiUyMGFsbG93RnVsbFNjcmVlbiUzRCUyMnRydWUlMjIlM0UlM0MlMkZpZnJhbWUlM0UlMEElM0MlMkZkaXYlM0U=[\/vc_raw_html][\/vc_column][\/vc_row]<\/p>\n","protected":false},"excerpt":{"rendered":"<p>[vc_row][vc_column][vc_hoverbox image=\u00bb3345&#8243; primary_title=\u00bbENTREVISTAS 2024&#8243; primary_title_font_container=\u00bbcolor:%23ffffff\u00bb primary_title_google_fonts=\u00bbfont_family:Montserrat%3Aregular%2C700|font_style:700%20bold%20regular%3A700%3Anormal\u00bb hover_title=\u00bb\u00bb use_custom_fonts_primary_title=\u00bbtrue\u00bb] Te presentamos las entrevistas m\u00e1s relevantes del a\u00f1o 2024. Todas estas realizadas por &#8230;<\/p>\n","protected":false},"author":5,"featured_media":0,"parent":0,"menu_order":0,"comment_status":"closed","ping_status":"closed","template":"","meta":{"_monsterinsights_skip_tracking":false,"_monsterinsights_sitenote_active":false,"_monsterinsights_sitenote_note":"","_monsterinsights_sitenote_category":0,"footnotes":""},"class_list":["post-3371","page","type-page","status-publish","hentry"],"aioseo_notices":[],"_links":{"self":[{"href":"https:\/\/miepan.org\/es\/wp-json\/wp\/v2\/pages\/3371","targetHints":{"allow":["GET"]}}],"collection":[{"href":"https:\/\/miepan.org\/es\/wp-json\/wp\/v2\/pages"}],"about":[{"href":"https:\/\/miepan.org\/es\/wp-json\/wp\/v2\/types\/page"}],"author":[{"embeddable":true,"href":"https:\/\/miepan.org\/es\/wp-json\/wp\/v2\/users\/5"}],"replies":[{"embeddable":true,"href":"https:\/\/miepan.org\/es\/wp-json\/wp\/v2\/comments?post=3371"}],"version-history":[{"count":40,"href":"https:\/\/miepan.org\/es\/wp-json\/wp\/v2\/pages\/3371\/revisions"}],"predecessor-version":[{"id":3587,"href":"https:\/\/miepan.org\/es\/wp-json\/wp\/v2\/pages\/3371\/revisions\/3587"}],"wp:attachment":[{"href":"https:\/\/miepan.org\/es\/wp-json\/wp\/v2\/media?parent=3371"}],"curies":[{"name":"wp","href":"https:\/\/api.w.org\/{rel}","templated":true}]}}