{"id":924,"date":"2015-09-12T22:11:51","date_gmt":"2015-09-12T22:11:51","guid":{"rendered":"http:\/\/miepan.org\/es\/?page_id=924"},"modified":"2023-03-12T04:18:10","modified_gmt":"2023-03-12T04:18:10","slug":"conocenos","status":"publish","type":"page","link":"https:\/\/miepan.org\/es\/conocenos\/","title":{"rendered":"Con\u00f3cenos"},"content":{"rendered":"<h2><em>Nuestra Visi\u00f3n<\/em><\/h2>\n<blockquote>\n<p class=\"blockquote\">LLEVAR LAS BUENAS NUEVAS DE SALVACI\u00d3N A TODAS LAS NACIONES, PUEBLOS Y LENGUAS, A FIN DE QUE CONOZCAN A JESUCRISTO Y EXPERIMENTEN SU PERD\u00d3N, LIBERACI\u00d3N Y SALVACI\u00d3N DE SUS ALMAS.<\/p>\n<\/blockquote>\n<h2><em>Nuestra Misi\u00f3n<\/em><\/h2>\n<blockquote>\n<p class=\"blockquote\">LLEGAR A SER UN MINISTERIO RECONOCIDO POR SU MENSAJE EVANGEL\u00cdSTICO, SU AMOR A LAS ALMAS Y EDIFICACI\u00d3N DEL CUERPO DE CRISTO QUE ES SU IGLESIA<\/p>\n<\/blockquote>\n<h2><span style=\"text-decoration: underline;\"><strong>Historia de MIEPAN<\/strong><\/span><\/h2>\n<p>&nbsp;<\/p>\n<h2><strong>\u00bfCuando naci\u00f3 el ministerio?<\/strong><\/h2>\n<h4 style=\"text-align: justify;\">Todo comenz\u00f3 en el a\u00f1o 1997 cuando el Hno. Jos\u00e9 Mu\u00f1oz hizo una visita familiar a El Salvador acompa\u00f1ado de su esposa, fue ah\u00ed donde vio la gran necesidad que hab\u00eda en esa naci\u00f3n, resultado de una fuerte guerra civil; regresando a Estados Unidos decidieron mandar cajas con ropa, zapatos y muchas cosas m\u00e1s para ayudar un poco a las familias de ese pa\u00eds.<\/h4>\n<h4 style=\"text-align: justify;\">En 1998 el Hurac\u00e1n Mitch desbast\u00f3 varias zonas de El Salvador y decidieron visitar los lugares m\u00e1s afectados, sorprendidos de la cat\u00e1strofe y siendo testigos de la tristeza y dolor de muchas familias salvadore\u00f1as que lo hab\u00edan perdido todo, Dios le puso en su coraz\u00f3n el deseo de ayudar desde ese momento a la naci\u00f3n de El Salvador; pero no sab\u00edan c\u00f3mo hacerlo, conmovidos en gran manera regresaron a casa en Estados Unidos, oraron a Dios para que les dirigiera ya que ten\u00edan obst\u00e1culos;\u00a0uno de ellos era la parte financiera. Karen su esposa le record\u00f3 del terreno que hab\u00edan heredado y ella\u00a0le pidi\u00f3 al Se\u00f1or que les mandara un comprador que pagara un buen precio sin que ellos lo pusieran en venta; llego un comprador, y fue as\u00ed como Dios contesto la petici\u00f3n de ellos. \u00a1Gloria a Dios!<\/h4>\n<p><img loading=\"lazy\" decoding=\"async\" class=\"wp-image-1245 aligncenter\" src=\"http:\/\/miepan.org\/es\/wp-content\/uploads\/2015\/09\/dummy-595x250.jpg\" alt=\"dummy-595x250\" width=\"488\" height=\"205\" srcset=\"https:\/\/miepan.org\/es\/wp-content\/uploads\/2015\/09\/dummy-595x250.jpg 595w, https:\/\/miepan.org\/es\/wp-content\/uploads\/2015\/09\/dummy-595x250-300x126.jpg 300w\" sizes=\"auto, (max-width: 488px) 100vw, 488px\" \/><\/p>\n<h4 style=\"text-align: justify;\">Conocieron al evangelista Jerry McGee y lo invitaron a El Salvador para iniciar una serie de cruzadas evangel\u00edsticas y tambi\u00e9n entrar al pa\u00eds con mucha ayuda material. En el 2001 se realiz\u00f3 la primera cruzada evangel\u00edstica en el Puerto de La Libertad, formando una asociaci\u00f3n de pastores de ese lugar: William Lobos, Eliseo Garc\u00eda, Pastor Colocho, Abel Carranza entre otros. Ellos comenzaron juntamente con el Hno. Jos\u00e9 Mu\u00f1oz y el evangelista Jerry McGee a predicar el mensaje de salvaci\u00f3n; muchas personas fueron convertidas al evangelio, grandes sanidades ocurrieron y se pod\u00eda observar el total respaldo de Dios en este evento.<\/h4>\n<p><img loading=\"lazy\" decoding=\"async\" class=\"wp-image-1246  aligncenter\" src=\"http:\/\/miepan.org\/es\/wp-content\/uploads\/2015\/09\/history3.jpg\" alt=\"history3\" width=\"598\" height=\"251\" srcset=\"https:\/\/miepan.org\/es\/wp-content\/uploads\/2015\/09\/history3.jpg 595w, https:\/\/miepan.org\/es\/wp-content\/uploads\/2015\/09\/history3-300x126.jpg 300w\" sizes=\"auto, (max-width: 598px) 100vw, 598px\" \/><\/p>\n<h4 style=\"text-align: justify;\">Desde el a\u00f1o 2001 al 2005 Dios bendijo al Puerto La Libertad con cruzadas evangel\u00edsticas, muchos pobladores de ese lugar fueron bendecidos materialmente con ayudas de v\u00edveres, ropas, zapatos, etc. As\u00ed mismo se reconstruyeron muchas iglesias, escuelas y se brind\u00f3 ayuda m\u00e9dica a muchos cantones de dicho lugar.<\/h4>\n<h4 style=\"text-align: justify;\">Este ministerio tuvo algunos cambios en el proceso del trabajo; en el a\u00f1o 2006 se buscaba a alguien que los representara en El Salvador y en Am\u00e9rica latina para preparar el campo y entrar con estas cruzadas evangel\u00edsticas, fue en esa b\u00fasqueda que encontraron a una pareja de esposos en los cuales confiaron la representaci\u00f3n de este ministerio que hasta ese momento no tenia nombre, Joel Ruano y Marina Yesenia tomaron el liderazgo de este ministerio en El Salvador. Ese mismo a\u00f1o nace con el nombre de: Ministerio Evangel\u00edstico para Las Naciones (MIEPAN)<\/h4>\n<h4 style=\"text-align: justify;\">Gente apasionada por la palabra de Dios y las almas fueron integrando este ministerio, aunque Jerry McGee ya no pudo seguir con MIEPAN, Dios levanto a otros poderosos predicadores entre los cuales est\u00e1n: el pastor <strong>Dan Garber<\/strong> que se uni\u00f3 a este ministerio en el a\u00f1o 2002 y quien hasta hoy es el presidente de este ministerio, en el a\u00f1o 2007 se uni\u00f3 el obispo <strong>Michael Hartwell<\/strong> predicando la palabra del Se\u00f1or, juntamente con Jos\u00e9 Mu\u00f1oz, como int\u00e9rprete realizaron una serie de eventos que han dejado huella en El Salvador para la Gloria de Dios. En el a\u00f1o 2011, Dios levanto a un nuevo integrante: Hermano Mateo Gu\u00e9ly y su esposa Evelyn Gu\u00e9ly como int\u00e9rpretes de los misioneros norteamericanos.<\/h4>\n<h4 style=\"text-align: justify;\"><a href=\"http:\/\/miepan.org\/es\/wp-content\/uploads\/2023\/03\/240f69c1-c7df-4ab2-874c-14688fb9b178.jpg\"><img loading=\"lazy\" decoding=\"async\" class=\"size-medium wp-image-2507 aligncenter\" src=\"http:\/\/miepan.org\/es\/wp-content\/uploads\/2023\/03\/240f69c1-c7df-4ab2-874c-14688fb9b178-300x274.jpg\" alt=\"\" width=\"300\" height=\"274\" srcset=\"https:\/\/miepan.org\/es\/wp-content\/uploads\/2023\/03\/240f69c1-c7df-4ab2-874c-14688fb9b178-300x274.jpg 300w, https:\/\/miepan.org\/es\/wp-content\/uploads\/2023\/03\/240f69c1-c7df-4ab2-874c-14688fb9b178-768x701.jpg 768w, https:\/\/miepan.org\/es\/wp-content\/uploads\/2023\/03\/240f69c1-c7df-4ab2-874c-14688fb9b178-320x292.jpg 320w, https:\/\/miepan.org\/es\/wp-content\/uploads\/2023\/03\/240f69c1-c7df-4ab2-874c-14688fb9b178-480x438.jpg 480w, https:\/\/miepan.org\/es\/wp-content\/uploads\/2023\/03\/240f69c1-c7df-4ab2-874c-14688fb9b178-800x730.jpg 800w, https:\/\/miepan.org\/es\/wp-content\/uploads\/2023\/03\/240f69c1-c7df-4ab2-874c-14688fb9b178.jpg 1024w\" sizes=\"auto, (max-width: 300px) 100vw, 300px\" \/><\/a><\/h4>\n<h4 style=\"text-align: justify;\">Este ministerio y sus integrantes est\u00e1n 100% comprometidos en llevar el evangelio de Jes\u00fas a todos las naciones, tales como: \u00c1frica, Sur Am\u00e9rica, Centro Am\u00e9rica, Norte Am\u00e9rica, Europa, entre otras; y seguir\u00e1 adelante hasta que Jes\u00fas regrese por su iglesia. \u00a1Aleluya!<\/h4>\n<p><a href=\"http:\/\/miepan.org\/es\/wp-content\/uploads\/2023\/03\/one-more-soul02.jpg\"><img loading=\"lazy\" decoding=\"async\" class=\"wp-image-2509  aligncenter\" src=\"http:\/\/miepan.org\/es\/wp-content\/uploads\/2023\/03\/one-more-soul02.jpg\" alt=\"\" width=\"1205\" height=\"679\" srcset=\"https:\/\/miepan.org\/es\/wp-content\/uploads\/2023\/03\/one-more-soul02.jpg 1920w, https:\/\/miepan.org\/es\/wp-content\/uploads\/2023\/03\/one-more-soul02-300x169.jpg 300w, https:\/\/miepan.org\/es\/wp-content\/uploads\/2023\/03\/one-more-soul02-1024x576.jpg 1024w, https:\/\/miepan.org\/es\/wp-content\/uploads\/2023\/03\/one-more-soul02-768x432.jpg 768w, https:\/\/miepan.org\/es\/wp-content\/uploads\/2023\/03\/one-more-soul02-1536x864.jpg 1536w, https:\/\/miepan.org\/es\/wp-content\/uploads\/2023\/03\/one-more-soul02-320x180.jpg 320w, https:\/\/miepan.org\/es\/wp-content\/uploads\/2023\/03\/one-more-soul02-480x270.jpg 480w, https:\/\/miepan.org\/es\/wp-content\/uploads\/2023\/03\/one-more-soul02-800x450.jpg 800w\" sizes=\"auto, (max-width: 1205px) 100vw, 1205px\" \/><\/a><\/p>\n<p>&nbsp;<\/p>\n","protected":false},"excerpt":{"rendered":"<p>Nuestra Visi\u00f3n LLEVAR LAS BUENAS NUEVAS DE SALVACI\u00d3N A TODAS LAS NACIONES, PUEBLOS Y LENGUAS, A FIN DE QUE CONOZCAN A &#8230;<\/p>\n","protected":false},"author":1,"featured_media":0,"parent":0,"menu_order":0,"comment_status":"closed","ping_status":"closed","template":"","meta":{"_monsterinsights_skip_tracking":false,"_monsterinsights_sitenote_active":false,"_monsterinsights_sitenote_note":"","_monsterinsights_sitenote_category":0,"footnotes":""},"class_list":["post-924","page","type-page","status-publish","hentry"],"aioseo_notices":[],"_links":{"self":[{"href":"https:\/\/miepan.org\/es\/wp-json\/wp\/v2\/pages\/924","targetHints":{"allow":["GET"]}}],"collection":[{"href":"https:\/\/miepan.org\/es\/wp-json\/wp\/v2\/pages"}],"about":[{"href":"https:\/\/miepan.org\/es\/wp-json\/wp\/v2\/types\/page"}],"author":[{"embeddable":true,"href":"https:\/\/miepan.org\/es\/wp-json\/wp\/v2\/users\/1"}],"replies":[{"embeddable":true,"href":"https:\/\/miepan.org\/es\/wp-json\/wp\/v2\/comments?post=924"}],"version-history":[{"count":17,"href":"https:\/\/miepan.org\/es\/wp-json\/wp\/v2\/pages\/924\/revisions"}],"predecessor-version":[{"id":2510,"href":"https:\/\/miepan.org\/es\/wp-json\/wp\/v2\/pages\/924\/revisions\/2510"}],"wp:attachment":[{"href":"https:\/\/miepan.org\/es\/wp-json\/wp\/v2\/media?parent=924"}],"curies":[{"name":"wp","href":"https:\/\/api.w.org\/{rel}","templated":true}]}}